{"id":748,"date":"2025-10-23T20:57:38","date_gmt":"2025-10-23T18:57:38","guid":{"rendered":"https:\/\/pascalpierre.fr\/?page_id=748"},"modified":"2026-04-06T19:13:15","modified_gmt":"2026-04-06T17:13:15","slug":"iris","status":"publish","type":"page","link":"https:\/\/pascalpierre.fr\/?page_id=748","title":{"rendered":"Iris"},"content":{"rendered":"\n<figure class=\"wp-block-image size-large\"><img loading=\"lazy\" width=\"1024\" height=\"258\" src=\"https:\/\/pascalpierre.fr\/wp-content\/uploads\/2026\/02\/tabeau-iris-famille-4-personnes-1-1024x258.jpg\" alt class=\"wp-image-789\" srcset=\"https:\/\/pascalpierre.fr\/wp-content\/uploads\/2026\/02\/tabeau-iris-famille-4-personnes-1-980x247.jpg 980w, https:\/\/pascalpierre.fr\/wp-content\/uploads\/2026\/02\/tabeau-iris-famille-4-personnes-1-480x121.jpg 480w\" sizes=\"(min-width: 0px) and (max-width: 480px) 480px, (min-width: 481px) and (max-width: 980px) 980px, (min-width: 981px) 1024px, 100vw\"><\/figure>\n\n\n\n<figure class=\"wp-block-image size-large\"><img loading=\"lazy\" width=\"1024\" height=\"684\" src=\"https:\/\/pascalpierre.fr\/wp-content\/uploads\/2026\/02\/iris-creation-pascal-et-valerie-2-1024x684.jpg\" alt class=\"wp-image-790\" srcset=\"https:\/\/pascalpierre.fr\/wp-content\/uploads\/2026\/02\/iris-creation-pascal-et-valerie-2-980x655.jpg 980w, https:\/\/pascalpierre.fr\/wp-content\/uploads\/2026\/02\/iris-creation-pascal-et-valerie-2-480x321.jpg 480w\" sizes=\"(min-width: 0px) and (max-width: 480px) 480px, (min-width: 481px) and (max-width: 980px) 980px, (min-width: 981px) 1024px, 100vw\"><\/figure>\n\n\n\n<figure class=\"wp-block-image size-large\"><img loading=\"lazy\" width=\"1024\" height=\"685\" src=\"https:\/\/pascalpierre.fr\/wp-content\/uploads\/2026\/02\/jessy-et-noemie-iris-explosifs-top-definitif-1024x685.jpg\" alt class=\"wp-image-791\" srcset=\"https:\/\/pascalpierre.fr\/wp-content\/uploads\/2026\/02\/jessy-et-noemie-iris-explosifs-top-definitif-980x656.jpg 980w, https:\/\/pascalpierre.fr\/wp-content\/uploads\/2026\/02\/jessy-et-noemie-iris-explosifs-top-definitif-480x321.jpg 480w\" sizes=\"(min-width: 0px) and (max-width: 480px) 480px, (min-width: 481px) and (max-width: 980px) 980px, (min-width: 981px) 1024px, 100vw\"><\/figure>\n\n\n\n<blockquote class=\"wp-block-quote has-text-align-center has-small-font-size\"><p><strong>Des portraits d\u2019iris d\u2019exception l\u2019art de r\u00e9v\u00e9ler la beaut\u00e9 unique de vos&nbsp;yeux.<\/strong><\/p><p>Plongez au c\u0153ur du regard : chaque iris r\u00e9v\u00e8le une histoire unique, un univers de couleurs et&nbsp;<\/p><cite>Priv\u00e9&nbsp;: Votre iris, sublim\u00e9 comme une \u0153uvre d\u2019art.<br>L\u2019iris est une signature unique, une \u0153uvre fa\u00e7onn\u00e9e par la nature. \u00c0 travers la photographie d\u2019iris, chaque d\u00e9tail se r\u00e9v\u00e8le : textures d\u00e9licates, nuances profondes et formes fascinantes. Gr\u00e2ce \u00e0 une prise de vue pr\u00e9cise et un travail artistique soign\u00e9, votre regard se transforme en une cr\u00e9ation unique, personnelle et intemporelle.<br><br>Qu\u2019est-ce que la photographie d\u2019iris ?<br>La photographie d\u2019iris est une pratique artistique qui consiste \u00e0 capturer l\u2019iris de l\u2019\u0153il en tr\u00e8s haute d\u00e9finition afin d\u2019en r\u00e9v\u00e9ler toute la richesse visuelle. Chaque iris est unique : ses couleurs, ses motifs et ses textures forment une v\u00e9ritable empreinte personnelle. Gr\u00e2ce \u00e0 une prise de vue pr\u00e9cise et un travail artistique soign\u00e9, l\u2019iris est sublim\u00e9 pour devenir une \u0153uvre d\u2019art \u00e0 part enti\u00e8re.<br><br>Comment se d\u00e9roule une s\u00e9ance de photographie d\u2019iris ?<br>La s\u00e9ance est simple, rapide et totalement indolore. Elle d\u00e9bute par l\u2019installation confortable de la personne, dans un environnement calme et s\u00e9curis\u00e9. Une photographie de l\u2019iris est ensuite r\u00e9alis\u00e9e \u00e0 l\u2019aide d\u2019un \u00e9quipement sp\u00e9cialis\u00e9, sans contact avec l\u2019\u0153il.<br>Apr\u00e8s la prise de vue, l\u2019image est soigneusement retravaill\u00e9e afin de sublimer les d\u00e9tails, les contrastes et les couleurs naturelles de l\u2019iris. Le r\u00e9sultat final est une cr\u00e9ation artistique unique, fid\u00e8le \u00e0 votre regard et pr\u00eate \u00e0 \u00eatre imprim\u00e9e ou expos\u00e9e.<br><br><img loading=\"lazy\" width=\"518\" height=\"518\" srcset=\"https:\/\/pascalpierre.fr\/wp-content\/uploads\/2026\/01\/TOP-DEVELOPEMENT-IRIS-VALERIE-SAAL-980x980.jpg 980w, https:\/\/pascalpierre.fr\/wp-content\/uploads\/2026\/01\/TOP-DEVELOPEMENT-IRIS-VALERIE-SAAL-480x480.jpg 480w\" src=\"https:\/\/pascalpierre.fr\/wp-content\/uploads\/2026\/01\/TOP-DEVELOPEMENT-IRIS-VALERIE-SAAL-1024x1024.jpg\" alt><br>1 iris<br>Pr\u00e9paration et \u00e9changes<br>Prise de vue (~15 min)<br>Retouche et conception graphique<br>Personnalisation (pr\u00e9noms, d\u00e9tails\u2026)<br>Fichier num\u00e9rique web (non imprimable)<br>49 \u20ac<br><br>2 iris<br>Pr\u00e9paration et \u00e9changes<br>Prises de vue (~15 min par iris)<br>Retouche et conception graphique<br>Personnalisation (pr\u00e9noms, d\u00e9tails\u2026)<br>Fichiers num\u00e9riques web (non imprimables)<br>89 \u20ac<br><br>3 iris<br>Pr\u00e9paration et \u00e9changes<br>Prises de vue (~15 min par iris)<br>Retouche et conception graphique<br>Personnalisation (pr\u00e9noms, d\u00e9tails\u2026)<br>Fichiers num\u00e9riques web (non imprimables)<br>129 \u20ac<br><br>4 iris<br>Pr\u00e9paration et \u00e9changes<br>Prises de vue (~15 min par iris)<br>Retouche et conception graphique<br>Personnalisation (pr\u00e9noms, d\u00e9tails\u2026)<br>Fichiers num\u00e9riques web (non imprimables)<br>159 \u20ac<br><br>5 iris<br>Pr\u00e9paration et \u00e9changes<br>Prises de vue (~15 min par iris)<br>Retouche et conception graphique<br>Personnalisation (pr\u00e9noms, d\u00e9tails\u2026)<br>Fichiers num\u00e9riques web (non imprimables)<br>189 \u20ac<br><br>6 iris<br>Pr\u00e9paration et \u00e9changes<br>Prises de vue (~15 min par iris)<br>Retouche et conception graphique<br>Personnalisation (pr\u00e9noms, d\u00e9tails\u2026)<br>Fichiers num\u00e9riques web (non imprimables)<br>199 \u20ac<br><br>Je vous propose \u00e9galement, le d\u00e9veloppement de vos photos d\u2019iris sur diff\u00e9rents supports de qualit\u00e9, afin de sublimer chaque d\u00e9tail et chaque couleur.<br>Vous pouvez choisir une impression sur papier photo pour un rendu \u00e9l\u00e9gant et intemporel, sur dibond pour une finition moderne et r\u00e9sistante, ou encore sur acrylique pour un effet lumineux et une profondeur exceptionnelle.<br>Chaque support est s\u00e9lectionn\u00e9 avec soin pour mettre en valeur l\u2019unicit\u00e9 de votre iris et cr\u00e9er un souvenir artistique durable.<br><br><strong><em>Questions \/ R\u00e9ponses<\/em><\/strong><br><strong>La photographie d\u2019iris est-elle sans danger pour mes yeux ?<\/strong><br>Oui, la s\u00e9ance est totalement&nbsp;<strong>sans danger<\/strong>. La lumi\u00e8re utilis\u00e9e est douce et sp\u00e9cialement con\u00e7ue pour ne pas ab\u00eemer l\u2019\u0153il. Il n\u2019y a aucun risque pour la sant\u00e9 oculaire.<br><strong>Dois-je enlever mes lentilles ?<\/strong><br>Oui, il est recommand\u00e9 d\u2019enlever vos lentilles de contact&nbsp;<strong>au moins 30 minutes avant la s\u00e9ance<\/strong>&nbsp;pour garantir la meilleure nettet\u00e9 possible et le rendu le plus naturel.<br><strong>Y a\u2011t\u2011il un \u00e2ge minimum pour participer ?<\/strong><br>Oui, la s\u00e9ance est adapt\u00e9e aux enfants \u00e0 partir de&nbsp;<strong>10 ans<\/strong>. Au-del\u00e0, il n\u2019y a pas de limite d\u2019\u00e2ge et chacun peut profiter de cette exp\u00e9rience artistique unique.<br><strong>Comment se d\u00e9roule la s\u00e9ance ?<\/strong><br>La s\u00e9ance est simple, rapide et confortable. Apr\u00e8s un petit \u00e9change pour pr\u00e9parer la s\u00e9ance et r\u00e9pondre \u00e0 vos questions, la prise de vue dure environ&nbsp;<strong>15 minutes par iris<\/strong>. L\u2019\u0153il est photographi\u00e9 avec un appareil sp\u00e9cialis\u00e9 sans contact. Ensuite, l\u2019image est retouch\u00e9e et personnalis\u00e9e selon vos souhaits (pr\u00e9noms, d\u00e9tails\u2026).<br><strong>Puis-je r\u00e9aliser la s\u00e9ance \u00e0 domicile ?<\/strong><br>Oui, je me d\u00e9place&nbsp;<strong>\u00e0 votre domicile<\/strong>&nbsp;avec tout le mat\u00e9riel n\u00e9cessaire, pour plus de confort et une exp\u00e9rience d\u00e9tendue.<br><strong>Quel est le d\u00e9lai de livraison des photos ?<\/strong><br>Le d\u00e9lai de livraison est d\u2019environ&nbsp;<strong>4 semaines<\/strong>. Chaque image est soigneusement retouch\u00e9e et optimis\u00e9e pour un rendu artistique unique.<br><br>Toutes les s\u00e9ances de photographie d\u2019iris sont r\u00e9alis\u00e9es avec un savoir-faire professionnel. Je suis&nbsp;<strong>form\u00e9 \u00e0 la photographie d\u2019iris par un centre de formation agr\u00e9\u00e9<\/strong>, ce qui garantit des prises de vue&nbsp;<strong>s\u00e9curis\u00e9es, respectueuses de vos yeux<\/strong>, et un rendu artistique de haute qualit\u00e9. Vous pouvez ainsi profiter pleinement de cette exp\u00e9rience unique en toute confiance.<br><\/cite><\/blockquote>\n\n\n\n<hr class=\"wp-block-separator\">\n\n\n\n<div class=\"wp-block-image\"><figure class=\"aligncenter size-full is-resized\"><img loading=\"lazy\" src=\"https:\/\/pascalpierre.fr\/wp-content\/uploads\/2026\/02\/LOGO-CERTIFICATION-PHOTOGRAPHIE-DE-L-IRIS-HUMAIN-REDUIT.jpg\" alt class=\"wp-image-787\" width=\"262\" height=\"262\"><\/figure><\/div>\n\n\n\n<p><\/p>\n","protected":false},"excerpt":{"rendered":"<p>Des portraits d\u2019iris d\u2019exception l\u2019art de r\u00e9v\u00e9ler la beaut\u00e9 unique de vos&nbsp;yeux. Plongez au c\u0153ur du regard : chaque iris r\u00e9v\u00e8le une histoire unique, un univers de couleurs et&nbsp; Priv\u00e9&nbsp;: Votre iris, sublim\u00e9 comme une \u0153uvre d\u2019art.L\u2019iris est une signature unique, une \u0153uvre fa\u00e7onn\u00e9e par la nature. \u00c0 travers la photographie d\u2019iris, chaque d\u00e9tail se&nbsp;[\u2026]<\/p>\n","protected":false},"author":2,"featured_media":0,"parent":0,"menu_order":0,"comment_status":"closed","ping_status":"closed","template":"","meta":{"_et_pb_use_builder":"","_et_pb_old_content":"","_et_gb_content_width":"","wp_typography_post_enhancements_disabled":false},"_links":{"self":[{"href":"https:\/\/pascalpierre.fr\/index.php?rest_route=\/wp\/v2\/pages\/748"}],"collection":[{"href":"https:\/\/pascalpierre.fr\/index.php?rest_route=\/wp\/v2\/pages"}],"about":[{"href":"https:\/\/pascalpierre.fr\/index.php?rest_route=\/wp\/v2\/types\/page"}],"author":[{"embeddable":true,"href":"https:\/\/pascalpierre.fr\/index.php?rest_route=\/wp\/v2\/users\/2"}],"replies":[{"embeddable":true,"href":"https:\/\/pascalpierre.fr\/index.php?rest_route=%2Fwp%2Fv2%2Fcomments&post=748"}],"version-history":[{"count":12,"href":"https:\/\/pascalpierre.fr\/index.php?rest_route=\/wp\/v2\/pages\/748\/revisions"}],"predecessor-version":[{"id":800,"href":"https:\/\/pascalpierre.fr\/index.php?rest_route=\/wp\/v2\/pages\/748\/revisions\/800"}],"wp:attachment":[{"href":"https:\/\/pascalpierre.fr\/index.php?rest_route=%2Fwp%2Fv2%2Fmedia&parent=748"}],"curies":[{"name":"wp","href":"https:\/\/api.w.org\/{rel}","templated":true}]}}