{"id":313,"date":"2019-01-02T16:46:03","date_gmt":"2019-01-02T15:46:03","guid":{"rendered":"http:\/\/pascalpierre.fr\/?page_id=313"},"modified":"2019-01-03T16:07:30","modified_gmt":"2019-01-03T15:07:30","slug":"entreprises","status":"publish","type":"page","link":"https:\/\/pascalpierre.fr\/?page_id=313","title":{"rendered":"Entreprises"},"content":{"rendered":"<p>[et_pb_section fb_built=\u201c1\u201d _builder_version=\u201c3.18.4\u201d background_image=\u201chttp:\/\/pascalpierre.fr\/wp-content\/uploads\/2018\/12\/1b9033_a8f6a9adbf394d2a94c2766a5d9b8d16mv2_d_2048_1367_s_2.jpg\u201d custom_padding=\u201c53.546875px|0px|603px|0px|false|false\u201d][\/et_pb_section][et_pb_section fb_built=\u201c1\u201d _builder_version=\u201c3.18.4\u201d][et_pb_row _builder_version=\u201c3.18.4\u201d][et_pb_column type=\u201c1_3\u201d _builder_version=\u201c3.18.4\u201d parallax=\u201coff\u201d parallax_method=\u201con\u201d][et_pb_image src=\u201chttp:\/\/pascalpierre.fr\/wp-content\/uploads\/2018\/12\/1b9033_bf080560137245249e703bc8cc2e26cemv2_d_2048_1367_s_2.jpg\u201d show_in_lightbox=\u201con\u201d _builder_version=\u201c3.18.4\u201d][\/et_pb_image][\/et_pb_column][et_pb_column type=\u201c2_3\u201d _builder_version=\u201c3.18.4\u201d parallax=\u201coff\u201d parallax_method=\u201con\u201d][et_pb_text _builder_version=\u201c3.18.4\u201d text_font=\u201d||||||||\u201d text_text_color=\u201c#000000\u201d text_font_size=\u201c15px\u201d header_font=\u201d||||||||\u201d]<\/p>\n<p>J\u2019interviens pour les entreprises, entrepreneurs, industriels, commer\u00e7ants, dans la r\u00e9gion Normandie et la r\u00e9gion des Pays de la&nbsp;Loire.<\/p>\n<p>Votre entreprise a besoin d\u2019images pour sa communication, j\u2019interviens avec<span class=\"Apple-converted-space\">&nbsp;<\/span>vous pour accomplir les images souhait\u00e9es pour vous d\u00e9marquer de vos concurrents.<\/p>\n<p>A l\u2019\u00e8re du num\u00e9rique et des r\u00e9seaux sociaux il est important de pouvoir mettre en avant son entreprise par l\u2019image, c\u2019est l\u2019assurance de cr\u00e9er des visuels de qualit\u00e9 pour d\u00e9velopper votre communication. Faire appel \u00e0 mes services vous garantira une qualit\u00e9 d\u2019images et une solution adapt\u00e9e \u00e0 vos besoins.<\/p>\n<p>[\/et_pb_text][\/et_pb_column][\/et_pb_row][et_pb_row _builder_version=\u201c3.18.4\u201d][et_pb_column type=\u201c1_2\u201d _builder_version=\u201c3.18.4\u201d parallax=\u201coff\u201d parallax_method=\u201con\u201d][et_pb_image src=\u201chttp:\/\/pascalpierre.fr\/wp-content\/uploads\/2018\/12\/1b9033_deac338666094ed990c85df8ac780574mv2.jpg\u201d show_in_lightbox=\u201con\u201d _builder_version=\u201c3.18.4\u201d][\/et_pb_image][\/et_pb_column][et_pb_column type=\u201c1_2\u201d _builder_version=\u201c3.18.4\u201d parallax=\u201coff\u201d parallax_method=\u201con\u201d][et_pb_image src=\u201chttp:\/\/pascalpierre.fr\/wp-content\/uploads\/2018\/12\/1b9033_79b18c2584f94c62a56b0cbb706e21afmv2_d_2048_1367_s_2.jpg\u201d show_in_lightbox=\u201con\u201d _builder_version=\u201c3.18.4\u201d][\/et_pb_image][\/et_pb_column][\/et_pb_row][et_pb_row custom_padding=\u201c63px|0px|19.90625px|0px|false|false\u201d _builder_version=\u201c3.18.4\u201d][et_pb_column type=\u201c2_3\u201d _builder_version=\u201c3.18.4\u201d parallax=\u201coff\u201d parallax_method=\u201con\u201d][et_pb_text _builder_version=\u201c3.18.4\u201d text_font=\u201d||||||||\u201d text_text_color=\u201c#000000\u201d text_font_size=\u201c18px\u201d]<\/p>\n<p><span><b><span class=\"caps\">REPORTAGE<\/span><span class=\"Apple-converted-space\">&nbsp; <\/span><span class=\"caps\">EVENEMENTIEL<\/span><\/b><\/span><\/p>\n<p><span>Sp\u00e9cialiste de l\u2019\u00e9v\u00e9nementiel d\u2019entreprise je mets \u00e0 votre service mon savoir-faire pour vous offrir des images de qualit\u00e9 professionnelle&nbsp;:<span class=\"Apple-converted-space\">&nbsp; <\/span>conf\u00e9rences, congr\u00e8s, s\u00e9minaires, soir\u00e9es \u00e9v\u00e9nementielles, inauguration de nouveaux locaux, cocktails.<\/span><\/p>\n<p>[\/et_pb_text][\/et_pb_column][et_pb_column type=\u201c1_3\u201d _builder_version=\u201c3.18.4\u201d parallax=\u201coff\u201d parallax_method=\u201con\u201d][et_pb_image src=\u201chttp:\/\/pascalpierre.fr\/wp-content\/uploads\/2018\/12\/1b9033_f11e01b5d77943aaadeb3dd7682b4bc5mv2_d_2048_1367_s_2.jpg\u201d show_in_lightbox=\u201con\u201d _builder_version=\u201c3.18.4\u201d][\/et_pb_image][\/et_pb_column][\/et_pb_row][\/et_pb_section][et_pb_section fb_built=\u201c1\u201d _builder_version=\u201c3.18.4\u201d custom_padding=\u201c54px|0px|41px|0px|false|false\u201d][et_pb_row _builder_version=\u201c3.18.4\u201d][et_pb_column type=\u201c1_3\u201d _builder_version=\u201c3.18.4\u201d parallax=\u201coff\u201d parallax_method=\u201con\u201d][et_pb_image src=\u201chttp:\/\/pascalpierre.fr\/wp-content\/uploads\/2019\/01\/<span class=\"caps\">PROFIL-YPCOM3<\/span>.jpg\u201d _builder_version=\u201c3.18.4\u201d][\/et_pb_image][\/et_pb_column][et_pb_column type=\u201c1_3\u201d _builder_version=\u201c3.18.4\u201d parallax=\u201coff\u201d parallax_method=\u201con\u201d][et_pb_text _builder_version=\u201c3.18.4\u201d]<\/p>\n<h1><strong>Pascal Pierre<\/strong><\/h1>\n<p>[\/et_pb_text][et_pb_social_media_follow follow_button=\u201con\u201d _builder_version=\u201c3.18.4\u201d][et_pb_social_media_follow_network social_network=\u201cfacebook\u201d url=\u201chttps:\/\/www.facebook.com\/Pascal.Pierre.Photographe\/\u201d _builder_version=\u201c3.18.4\u201d background_color=\u201c#3b5998\u201d follow_button=\u201con\u201d url_new_window=\u201con\u201d]facebook[\/et_pb_social_media_follow_network][et_pb_social_media_follow_network social_network=\u201cinstagram\u201d url=\u201chttps:\/\/www.instagram.com\/pascal.pierre.photographe\/?hl=fr\u201d _builder_version=\u201c3.18.4\u201d background_color=\u201c#ea2c59\u201d follow_button=\u201con\u201d url_new_window=\u201con\u201d]instagram[\/et_pb_social_media_follow_network][\/et_pb_social_media_follow][et_pb_text _builder_version=\u201c3.18.4\u201d text_font=\u201d||||||||\u201d text_font_size=\u201c20px\u201d header_font=\u201d||||||||\u201d header_font_size=\u201c26px\u201d custom_margin=\u201c50px||\u201d]<\/p>\n<p><span style=\"font-size: 20px;\">61000 <span class=\"caps\">ALENCON<\/span><\/span><\/p>\n<p class=\"font_8\"><span>06 86 54 00 32<br>contact@pascalpierre.fr<\/span><\/p>\n<p class=\"font_8\"><span style=\"font-size: xx-large;\"><strong><object height=\"0\"><\/object><\/strong><\/span><\/p>\n<p>&nbsp;<\/p>\n<p class=\"font_8\">N\u00b0 <span class=\"caps\">SIRET<\/span> 750 136 483&nbsp;00013<\/p>\n<p>[\/et_pb_text][\/et_pb_column][et_pb_column type=\u201c1_3\u201d _builder_version=\u201c3.18.4\u201d parallax=\u201coff\u201d parallax_method=\u201con\u201d][et_pb_contact_form captcha=\u201coff\u201d email=\u201ccontact@pascalpierre.fr\u201d title=\u201cContactez-moi\u201d _builder_version=\u201c3.19.3\u201d][et_pb_contact_field field_id=\u201cName\u201d field_title=\u201cNom\u201d _builder_version=\u201c3.16\u201d border_radii=\u201con||||\u201d button_text_size__hover_enabled=\u201coff\u201d button_one_text_size__hover_enabled=\u201coff\u201d button_two_text_size__hover_enabled=\u201coff\u201d button_text_color__hover_enabled=\u201coff\u201d button_one_text_color__hover_enabled=\u201coff\u201d button_two_text_color__hover_enabled=\u201coff\u201d button_border_width__hover_enabled=\u201coff\u201d button_one_border_width__hover_enabled=\u201coff\u201d button_two_border_width__hover_enabled=\u201coff\u201d button_border_color__hover_enabled=\u201coff\u201d button_one_border_color__hover_enabled=\u201coff\u201d button_two_border_color__hover_enabled=\u201coff\u201d button_border_radius__hover_enabled=\u201coff\u201d button_one_border_radius__hover_enabled=\u201coff\u201d button_two_border_radius__hover_enabled=\u201coff\u201d button_letter_spacing__hover_enabled=\u201coff\u201d button_one_letter_spacing__hover_enabled=\u201coff\u201d button_two_letter_spacing__hover_enabled=\u201coff\u201d button_bg_color__hover_enabled=\u201coff\u201d button_one_bg_color__hover_enabled=\u201coff\u201d button_two_bg_color__hover_enabled=\u201coff\u201d][\/et_pb_contact_field][et_pb_contact_field field_id=\u201cEmail\u201d field_title=\u201cAdresse e\u2011mail\u201d field_type=\u201cemail\u201d _builder_version=\u201c3.16\u201d border_radii=\u201con||||\u201d button_text_size__hover_enabled=\u201coff\u201d button_one_text_size__hover_enabled=\u201coff\u201d button_two_text_size__hover_enabled=\u201coff\u201d button_text_color__hover_enabled=\u201coff\u201d button_one_text_color__hover_enabled=\u201coff\u201d button_two_text_color__hover_enabled=\u201coff\u201d button_border_width__hover_enabled=\u201coff\u201d button_one_border_width__hover_enabled=\u201coff\u201d button_two_border_width__hover_enabled=\u201coff\u201d button_border_color__hover_enabled=\u201coff\u201d button_one_border_color__hover_enabled=\u201coff\u201d button_two_border_color__hover_enabled=\u201coff\u201d button_border_radius__hover_enabled=\u201coff\u201d button_one_border_radius__hover_enabled=\u201coff\u201d button_two_border_radius__hover_enabled=\u201coff\u201d button_letter_spacing__hover_enabled=\u201coff\u201d button_one_letter_spacing__hover_enabled=\u201coff\u201d button_two_letter_spacing__hover_enabled=\u201coff\u201d button_bg_color__hover_enabled=\u201coff\u201d button_one_bg_color__hover_enabled=\u201coff\u201d button_two_bg_color__hover_enabled=\u201coff\u201d][\/et_pb_contact_field][et_pb_contact_field field_id=\u201cMessage\u201d field_title=\u201cMessage\u201d field_type=\u201ctext\u201d fullwidth_field=\u201con\u201d _builder_version=\u201c3.16\u201d border_radii=\u201con||||\u201d button_text_size__hover_enabled=\u201coff\u201d button_one_text_size__hover_enabled=\u201coff\u201d button_two_text_size__hover_enabled=\u201coff\u201d button_text_color__hover_enabled=\u201coff\u201d button_one_text_color__hover_enabled=\u201coff\u201d button_two_text_color__hover_enabled=\u201coff\u201d button_border_width__hover_enabled=\u201coff\u201d button_one_border_width__hover_enabled=\u201coff\u201d button_two_border_width__hover_enabled=\u201coff\u201d button_border_color__hover_enabled=\u201coff\u201d button_one_border_color__hover_enabled=\u201coff\u201d button_two_border_color__hover_enabled=\u201coff\u201d button_border_radius__hover_enabled=\u201coff\u201d button_one_border_radius__hover_enabled=\u201coff\u201d button_two_border_radius__hover_enabled=\u201coff\u201d button_letter_spacing__hover_enabled=\u201coff\u201d button_one_letter_spacing__hover_enabled=\u201coff\u201d button_two_letter_spacing__hover_enabled=\u201coff\u201d button_bg_color__hover_enabled=\u201coff\u201d button_one_bg_color__hover_enabled=\u201coff\u201d button_two_bg_color__hover_enabled=\u201coff\u201d][\/et_pb_contact_field][\/et_pb_contact_form][\/et_pb_column][\/et_pb_row][\/et_pb_section][et_pb_section fb_built=\u201c1\u201d fullwidth=\u201con\u201d _builder_version=\u201c3.18.4\u201d][et_pb_fullwidth_map address=\u201cAlen\u00e7on, France\u201d zoom_level=\u201c10\u201d address_lat=\u201c48.432856\u201d address_lng=\u201c0.091266000000019\u201d mouse_wheel=\u201coff\u201d _builder_version=\u201c3.18.4\u201d box_shadow_style=\u201cpreset1\u201d child_filter_saturate=\u201c0%\u201d child_filter_sepia=\u201c20%\u201d][\/et_pb_fullwidth_map][\/et_pb_section]<\/p>\n","protected":false},"excerpt":{"rendered":"<p>[et_pb_section fb_built=\u201c1\u201d _builder_version=\u201c3.18.4\u201d background_image=\u201chttp:\/\/pascalpierre.fr\/wp-content\/uploads\/2018\/12\/1b9033_a8f6a9adbf394d2a94c2766a5d9b8d16mv2_d_2048_1367_s_2.jpg\u201d custom_padding=\u201c53.546875px|0px|603px|0px|false|false\u201d][\/et_pb_section][et_pb_section fb_built=\u201c1\u201d _builder_version=\u201c3.18.4\u201d][et_pb_row _builder_version=\u201c3.18.4\u201d][et_pb_column type=\u201c1_3\u201d _builder_version=\u201c3.18.4\u201d parallax=\u201coff\u201d parallax_method=\u201con\u201d][et_pb_image src=\u201chttp:\/\/pascalpierre.fr\/wp-content\/uploads\/2018\/12\/1b9033_bf080560137245249e703bc8cc2e26cemv2_d_2048_1367_s_2.jpg\u201d show_in_lightbox=\u201con\u201d _builder_version=\u201c3.18.4\u201d][\/et_pb_image][\/et_pb_column][et_pb_column type=\u201c2_3\u201d _builder_version=\u201c3.18.4\u201d parallax=\u201coff\u201d parallax_method=\u201con\u201d][et_pb_text _builder_version=\u201c3.18.4\u201d text_font=\u201d||||||||\u201d text_text_color=\u201c#000000\u201d text_font_size=\u201c15px\u201d header_font=\u201d||||||||\u201d] J\u2019interviens pour les entreprises, entrepreneurs, industriels, commer\u00e7ants, dans la r\u00e9gion Normandie et la r\u00e9gion des Pays de la&nbsp;Loire. Votre entreprise a besoin d\u2019images pour sa communication, j\u2019interviens avec&nbsp;vous pour accomplir les&nbsp;[\u2026]<\/p>\n","protected":false},"author":1,"featured_media":0,"parent":133,"menu_order":0,"comment_status":"closed","ping_status":"closed","template":"","meta":{"_et_pb_use_builder":"on","_et_pb_old_content":"<!-- wp:divi\/placeholder \/-->","_et_gb_content_width":"","wp_typography_post_enhancements_disabled":false},"_links":{"self":[{"href":"https:\/\/pascalpierre.fr\/index.php?rest_route=\/wp\/v2\/pages\/313"}],"collection":[{"href":"https:\/\/pascalpierre.fr\/index.php?rest_route=\/wp\/v2\/pages"}],"about":[{"href":"https:\/\/pascalpierre.fr\/index.php?rest_route=\/wp\/v2\/types\/page"}],"author":[{"embeddable":true,"href":"https:\/\/pascalpierre.fr\/index.php?rest_route=\/wp\/v2\/users\/1"}],"replies":[{"embeddable":true,"href":"https:\/\/pascalpierre.fr\/index.php?rest_route=%2Fwp%2Fv2%2Fcomments&post=313"}],"version-history":[{"count":8,"href":"https:\/\/pascalpierre.fr\/index.php?rest_route=\/wp\/v2\/pages\/313\/revisions"}],"predecessor-version":[{"id":402,"href":"https:\/\/pascalpierre.fr\/index.php?rest_route=\/wp\/v2\/pages\/313\/revisions\/402"}],"up":[{"embeddable":true,"href":"https:\/\/pascalpierre.fr\/index.php?rest_route=\/wp\/v2\/pages\/133"}],"wp:attachment":[{"href":"https:\/\/pascalpierre.fr\/index.php?rest_route=%2Fwp%2Fv2%2Fmedia&parent=313"}],"curies":[{"name":"wp","href":"https:\/\/api.w.org\/{rel}","templated":true}]}}