{"id":309,"date":"2019-01-02T16:43:41","date_gmt":"2019-01-02T15:43:41","guid":{"rendered":"http:\/\/pascalpierre.fr\/?page_id=309"},"modified":"2019-04-08T15:00:43","modified_gmt":"2019-04-08T13:00:43","slug":"portraits","status":"publish","type":"page","link":"https:\/\/pascalpierre.fr\/?page_id=309","title":{"rendered":"Portraits"},"content":{"rendered":"<p>[et_pb_section fb_built=\u201c1\u201d _builder_version=\u201c3.21.4\u201d background_image=\u201chttps:\/\/pascalpierre.fr\/wp-content\/uploads\/2018\/12\/1b9033_70a5803678d94939bb20100c7e337bbbmv2.jpg\u201d custom_padding=\u201c51.953125px|0px|608px|0px|false|false\u201d][\/et_pb_section][et_pb_section fb_built=\u201c1\u201d _builder_version=\u201c3.19.18\u201d custom_padding=\u201c54px|0px|0|0px|false|false\u201d][et_pb_row _builder_version=\u201c3.19.18\u201d][et_pb_column type=\u201c4_4\u201d _builder_version=\u201c3.19.18\u201d][et_pb_text _builder_version=\u201c3.19.18\u201d text_font_size=\u201c16px\u201d]<\/p>\n<p style=\"text-align: center;\"><b>Photographe de portrait, je privil\u00e9gie les photos naturelles et capture les \u00e9motions du moment dans la discr\u00e9tion et la bonne humeur.<\/b><\/p>\n<p>[\/et_pb_text][\/et_pb_column][\/et_pb_row][\/et_pb_section][et_pb_section fb_built=\u201c1\u201d _builder_version=\u201c3.21.4\u201d][et_pb_row _builder_version=\u201c3.18.4\u201d custom_padding=\u201c27px|0px|69px|0px|false|false\u201d][et_pb_column type=\u201c1_3\u201d _builder_version=\u201c3.18.4\u201d][et_pb_image src=\u201chttp:\/\/pascalpierre.fr\/wp-content\/uploads\/2018\/12\/1b9033_9a665e40f75649e2bfd32123056e6e61mv2_d_2048_1219_s_2.jpg\u201d show_in_lightbox=\u201con\u201d _builder_version=\u201c3.18.4\u201d][\/et_pb_image][\/et_pb_column][et_pb_column type=\u201c1_3\u201d _builder_version=\u201c3.18.4\u201d][et_pb_image src=\u201chttp:\/\/pascalpierre.fr\/wp-content\/uploads\/2018\/12\/1b9033_1ed5f867c19f49cdaa51216d9926aa2emv2.jpg\u201d show_in_lightbox=\u201con\u201d _builder_version=\u201c3.18.4\u201d][\/et_pb_image][\/et_pb_column][et_pb_column type=\u201c1_3\u201d _builder_version=\u201c3.18.4\u201d][et_pb_image src=\u201chttp:\/\/pascalpierre.fr\/wp-content\/uploads\/2018\/12\/1b9033_a79430a1328a4919a0255accec061554mv2.jpg\u201d show_in_lightbox=\u201con\u201d _builder_version=\u201c3.18.4\u201d][\/et_pb_image][\/et_pb_column][\/et_pb_row][\/et_pb_section][et_pb_section fb_built=\u201c1\u201d fullwidth=\u201con\u201d _builder_version=\u201c3.21.4\u201d][\/et_pb_section][et_pb_section fb_built=\u201c1\u201d _builder_version=\u201c3.18.4\u201d custom_padding=\u201c54px|0px|41px|0px|false|false\u201d][et_pb_row _builder_version=\u201c3.18.4\u201d][et_pb_column type=\u201c1_3\u201d _builder_version=\u201c3.18.4\u201d][et_pb_image src=\u201chttp:\/\/pascalpierre.fr\/wp-content\/uploads\/2019\/01\/<span class=\"caps\">PROFIL-YPCOM3<\/span>.jpg\u201d _builder_version=\u201c3.18.4\u201d][\/et_pb_image][\/et_pb_column][et_pb_column type=\u201c1_3\u201d _builder_version=\u201c3.18.4\u201d][et_pb_text _builder_version=\u201c3.18.4\u201d]<\/p>\n<h1><strong>Pascal Pierre<\/strong><\/h1>\n<p>[\/et_pb_text][et_pb_social_media_follow follow_button=\u201con\u201d _builder_version=\u201c3.18.4\u201d][et_pb_social_media_follow_network social_network=\u201cfacebook\u201d url=\u201chttps:\/\/www.facebook.com\/Pascal.Pierre.Photographe\/\u201d _builder_version=\u201c3.18.4\u201d background_color=\u201c#3b5998\u201d follow_button=\u201con\u201d url_new_window=\u201con\u201d]facebook[\/et_pb_social_media_follow_network][et_pb_social_media_follow_network social_network=\u201cinstagram\u201d url=\u201chttps:\/\/www.instagram.com\/pascal.pierre.photographe\/?hl=fr\u201d _builder_version=\u201c3.18.4\u201d background_color=\u201c#ea2c59\u201d follow_button=\u201con\u201d url_new_window=\u201con\u201d]instagram[\/et_pb_social_media_follow_network][\/et_pb_social_media_follow][et_pb_text _builder_version=\u201c3.18.4\u201d text_font=\u201d||||||||\u201d text_font_size=\u201c20px\u201d header_font=\u201d||||||||\u201d header_font_size=\u201c26px\u201d custom_margin=\u201c50px||\u201d]<\/p>\n<p><span style=\"font-size: 20px;\">61000 <span class=\"caps\">ALENCON<\/span><\/span><\/p>\n<p class=\"font_8\"><span>06 86 54 00 32<br>contact@pascalpierre.fr<\/span><\/p>\n<p class=\"font_8\"><span style=\"font-size: xx-large;\"><strong><object height=\"0\"><\/object><\/strong><\/span><\/p>\n<p>&nbsp;<\/p>\n<p class=\"font_8\">N\u00b0 <span class=\"caps\">SIRET<\/span> 750 136 483&nbsp;00013<\/p>\n<p>[\/et_pb_text][\/et_pb_column][et_pb_column type=\u201c1_3\u201d _builder_version=\u201c3.18.4\u201d][et_pb_contact_form captcha=\u201coff\u201d email=\u201ccontact@pascalpierre.fr\u201d title=\u201cContactez-moi\u201d _builder_version=\u201c3.19.3\u201d][et_pb_contact_field field_id=\u201cName\u201d field_title=\u201cNom\u201d _builder_version=\u201c3.16\u201d border_radii=\u201con||||\u201d button_text_size__hover_enabled=\u201coff\u201d button_one_text_size__hover_enabled=\u201coff\u201d button_two_text_size__hover_enabled=\u201coff\u201d button_text_color__hover_enabled=\u201coff\u201d button_one_text_color__hover_enabled=\u201coff\u201d button_two_text_color__hover_enabled=\u201coff\u201d button_border_width__hover_enabled=\u201coff\u201d button_one_border_width__hover_enabled=\u201coff\u201d button_two_border_width__hover_enabled=\u201coff\u201d button_border_color__hover_enabled=\u201coff\u201d button_one_border_color__hover_enabled=\u201coff\u201d button_two_border_color__hover_enabled=\u201coff\u201d button_border_radius__hover_enabled=\u201coff\u201d button_one_border_radius__hover_enabled=\u201coff\u201d button_two_border_radius__hover_enabled=\u201coff\u201d button_letter_spacing__hover_enabled=\u201coff\u201d button_one_letter_spacing__hover_enabled=\u201coff\u201d button_two_letter_spacing__hover_enabled=\u201coff\u201d button_bg_color__hover_enabled=\u201coff\u201d button_one_bg_color__hover_enabled=\u201coff\u201d button_two_bg_color__hover_enabled=\u201coff\u201d][\/et_pb_contact_field][et_pb_contact_field field_id=\u201cEmail\u201d field_title=\u201cAdresse e\u2011mail\u201d field_type=\u201cemail\u201d _builder_version=\u201c3.16\u201d border_radii=\u201con||||\u201d button_text_size__hover_enabled=\u201coff\u201d button_one_text_size__hover_enabled=\u201coff\u201d button_two_text_size__hover_enabled=\u201coff\u201d button_text_color__hover_enabled=\u201coff\u201d button_one_text_color__hover_enabled=\u201coff\u201d button_two_text_color__hover_enabled=\u201coff\u201d button_border_width__hover_enabled=\u201coff\u201d button_one_border_width__hover_enabled=\u201coff\u201d button_two_border_width__hover_enabled=\u201coff\u201d button_border_color__hover_enabled=\u201coff\u201d button_one_border_color__hover_enabled=\u201coff\u201d button_two_border_color__hover_enabled=\u201coff\u201d button_border_radius__hover_enabled=\u201coff\u201d button_one_border_radius__hover_enabled=\u201coff\u201d button_two_border_radius__hover_enabled=\u201coff\u201d button_letter_spacing__hover_enabled=\u201coff\u201d button_one_letter_spacing__hover_enabled=\u201coff\u201d button_two_letter_spacing__hover_enabled=\u201coff\u201d button_bg_color__hover_enabled=\u201coff\u201d button_one_bg_color__hover_enabled=\u201coff\u201d button_two_bg_color__hover_enabled=\u201coff\u201d][\/et_pb_contact_field][et_pb_contact_field field_id=\u201cMessage\u201d field_title=\u201cMessage\u201d field_type=\u201ctext\u201d fullwidth_field=\u201con\u201d _builder_version=\u201c3.16\u201d border_radii=\u201con||||\u201d button_text_size__hover_enabled=\u201coff\u201d button_one_text_size__hover_enabled=\u201coff\u201d button_two_text_size__hover_enabled=\u201coff\u201d button_text_color__hover_enabled=\u201coff\u201d button_one_text_color__hover_enabled=\u201coff\u201d button_two_text_color__hover_enabled=\u201coff\u201d button_border_width__hover_enabled=\u201coff\u201d button_one_border_width__hover_enabled=\u201coff\u201d button_two_border_width__hover_enabled=\u201coff\u201d button_border_color__hover_enabled=\u201coff\u201d button_one_border_color__hover_enabled=\u201coff\u201d button_two_border_color__hover_enabled=\u201coff\u201d button_border_radius__hover_enabled=\u201coff\u201d button_one_border_radius__hover_enabled=\u201coff\u201d button_two_border_radius__hover_enabled=\u201coff\u201d button_letter_spacing__hover_enabled=\u201coff\u201d button_one_letter_spacing__hover_enabled=\u201coff\u201d button_two_letter_spacing__hover_enabled=\u201coff\u201d button_bg_color__hover_enabled=\u201coff\u201d button_one_bg_color__hover_enabled=\u201coff\u201d button_two_bg_color__hover_enabled=\u201coff\u201d][\/et_pb_contact_field][\/et_pb_contact_form][\/et_pb_column][\/et_pb_row][\/et_pb_section][et_pb_section fb_built=\u201c1\u201d fullwidth=\u201con\u201d _builder_version=\u201c3.18.4\u201d custom_padding=\u201c0|0px|0px|0px|false|false\u201d][et_pb_fullwidth_map address=\u201cAlen\u00e7on, France\u201d zoom_level=\u201c11\u201d address_lat=\u201c48.431700025353\u201d address_lng=\u201c0.089169723492887\u201d mouse_wheel=\u201coff\u201d _builder_version=\u201c3.21.4\u201d box_shadow_style=\u201cpreset1\u201d child_filter_saturate=\u201c0%\u201d child_filter_sepia=\u201c20%\u201d][\/et_pb_fullwidth_map][\/et_pb_section]<\/p>\n","protected":false},"excerpt":{"rendered":"<p>[et_pb_section fb_built=\u201c1\u201d _builder_version=\u201c3.21.4\u201d background_image=\u201chttps:\/\/pascalpierre.fr\/wp-content\/uploads\/2018\/12\/1b9033_70a5803678d94939bb20100c7e337bbbmv2.jpg\u201d custom_padding=\u201c51.953125px|0px|608px|0px|false|false\u201d][\/et_pb_section][et_pb_section fb_built=\u201c1\u201d _builder_version=\u201c3.19.18\u201d custom_padding=\u201c54px|0px|0|0px|false|false\u201d][et_pb_row _builder_version=\u201c3.19.18\u201d][et_pb_column type=\u201c4_4\u201d _builder_version=\u201c3.19.18\u201d][et_pb_text _builder_version=\u201c3.19.18\u201d text_font_size=\u201c16px\u201d] Photographe de portrait, je privil\u00e9gie les photos naturelles et capture les \u00e9motions du moment dans la discr\u00e9tion et la bonne humeur. [\/et_pb_text][\/et_pb_column][\/et_pb_row][\/et_pb_section][et_pb_section fb_built=\u201c1\u201d _builder_version=\u201c3.21.4\u201d][et_pb_row _builder_version=\u201c3.18.4\u201d custom_padding=\u201c27px|0px|69px|0px|false|false\u201d][et_pb_column type=\u201c1_3\u201d _builder_version=\u201c3.18.4\u201d][et_pb_image src=\u201chttp:\/\/pascalpierre.fr\/wp-content\/uploads\/2018\/12\/1b9033_9a665e40f75649e2bfd32123056e6e61mv2_d_2048_1219_s_2.jpg\u201d show_in_lightbox=\u201con\u201d _builder_version=\u201c3.18.4\u201d][\/et_pb_image][\/et_pb_column][et_pb_column type=\u201c1_3\u201d _builder_version=\u201c3.18.4\u201d][et_pb_image src=\u201chttp:\/\/pascalpierre.fr\/wp-content\/uploads\/2018\/12\/1b9033_1ed5f867c19f49cdaa51216d9926aa2emv2.jpg\u201d show_in_lightbox=\u201con\u201d _builder_version=\u201c3.18.4\u201d][\/et_pb_image][\/et_pb_column][et_pb_column type=\u201c1_3\u201d _builder_version=\u201c3.18.4\u201d][et_pb_image src=\u201chttp:\/\/pascalpierre.fr\/wp-content\/uploads\/2018\/12\/1b9033_a79430a1328a4919a0255accec061554mv2.jpg\u201d show_in_lightbox=\u201con\u201d _builder_version=\u201c3.18.4\u201d][\/et_pb_image][\/et_pb_column][\/et_pb_row][\/et_pb_section][et_pb_section fb_built=\u201c1\u201d [\u2026]<\/p>\n","protected":false},"author":1,"featured_media":0,"parent":133,"menu_order":0,"comment_status":"closed","ping_status":"closed","template":"","meta":{"_et_pb_use_builder":"on","_et_pb_old_content":"","_et_gb_content_width":"","wp_typography_post_enhancements_disabled":false},"_links":{"self":[{"href":"https:\/\/pascalpierre.fr\/index.php?rest_route=\/wp\/v2\/pages\/309"}],"collection":[{"href":"https:\/\/pascalpierre.fr\/index.php?rest_route=\/wp\/v2\/pages"}],"about":[{"href":"https:\/\/pascalpierre.fr\/index.php?rest_route=\/wp\/v2\/types\/page"}],"author":[{"embeddable":true,"href":"https:\/\/pascalpierre.fr\/index.php?rest_route=\/wp\/v2\/users\/1"}],"replies":[{"embeddable":true,"href":"https:\/\/pascalpierre.fr\/index.php?rest_route=%2Fwp%2Fv2%2Fcomments&post=309"}],"version-history":[{"count":9,"href":"https:\/\/pascalpierre.fr\/index.php?rest_route=\/wp\/v2\/pages\/309\/revisions"}],"predecessor-version":[{"id":421,"href":"https:\/\/pascalpierre.fr\/index.php?rest_route=\/wp\/v2\/pages\/309\/revisions\/421"}],"up":[{"embeddable":true,"href":"https:\/\/pascalpierre.fr\/index.php?rest_route=\/wp\/v2\/pages\/133"}],"wp:attachment":[{"href":"https:\/\/pascalpierre.fr\/index.php?rest_route=%2Fwp%2Fv2%2Fmedia&parent=309"}],"curies":[{"name":"wp","href":"https:\/\/api.w.org\/{rel}","templated":true}]}}