{"id":302,"date":"2019-01-02T16:39:42","date_gmt":"2019-01-02T15:39:42","guid":{"rendered":"http:\/\/pascalpierre.fr\/?page_id=302"},"modified":"2020-10-28T09:15:42","modified_gmt":"2020-10-28T08:15:42","slug":"mariages","status":"publish","type":"page","link":"https:\/\/pascalpierre.fr\/?page_id=302","title":{"rendered":"Mariages"},"content":{"rendered":"<p>[et_pb_section fb_built=\u201c1\u201d module_id=\u201cmariage\u201d _builder_version=\u201c3.22\u201d background_image=\u201chttp:\/\/pascalpierre.fr\/wp-content\/uploads\/2018\/12\/<span class=\"caps\">PASCAL-PIERRE-PHOTOGRAPHE-ALENCON44<\/span>.jpg\u201d parallax=\u201con\u201d module_alignment=\u201ccenter\u201d custom_padding=\u201c441px|0px|382px|0px|false|false\u201d hover_transition_duration=\u201c450ms\u201d][\/et_pb_section][et_pb_section fb_built=\u201c1\u201d _builder_version=\u201c3.22\u201d][et_pb_row _builder_version=\u201c3.25\u201d custom_padding=\u201c26.765625px|0px|62px|0px|false|false\u201d column_structure=\u201c3_5,2_5\u201d][et_pb_column type=\u201c3_5\u201d _builder_version=\u201c3.25\u201d custom_padding=\u201d|||\u201d custom_padding__hover=\u201d|||\u201d][et_pb_text _builder_version=\u201c3.27.4\u201d]<\/p>\n<h1>Votre mariage<\/h1>\n<p>[\/et_pb_text][et_pb_text _builder_version=\u201c3.27.4\u201d text_font=\u201d||||||||\u201d text_font_size=\u201c17px\u201d]<\/p>\n<p><span><b>Les Pr\u00e9paratifs&nbsp;<\/b><\/span><span>: <\/span>Je m\u2019attarderai sur les d\u00e9tails auxquels vous aurez pens\u00e9 depuis des mois : votre robe, votre bouquet, vos accessoires, vos alliances, la d\u00e9couverte en tenues de mari\u00e9s\u2026une infinit\u00e9 de petites choses, qui, mises bout \u00e0 bout, prennent tout leur sens pour participer au r\u00e9cit de cette journ\u00e9e.<span class=\"Apple-converted-space\">&nbsp;<\/span><\/p>\n<p><span><b>La Mairie<\/b><\/span>&nbsp;: <span>discret, dynamique et cr\u00e9atif, je cherche<span class=\"Apple-converted-space\">&nbsp; <\/span>l\u2019angle id\u00e9al pour prendre des photos sur le vif, loin des clich\u00e9s classiques du photographe fig\u00e9. Je mets l\u2019accent sur les moments-cl\u00e9s de la mairie&nbsp;: les v\u0153ux d\u2019engagement, les signatures, l\u2019\u00e9change d\u2019alliances et la sortie de la mairie.<\/span><\/p>\n<p><span><b>L\u2019Eglise&nbsp;:<\/b><\/span><span> Les moments les plus importants seront immortalis\u00e9s&nbsp;: l\u2019attente et les \u00e9motions des invit\u00e9s et des proches, l\u2019arriv\u00e9e des mari\u00e9s, l\u2019entr\u00e9e solennelle aux bras des parents, les discours et lectures, les \u00e9changes de consentements, l\u2019\u00e9change des alliances, les signatures, la sortie de l\u2019\u00e9glise.<\/span><\/p>\n<p><span><b>Le vin d\u2019honneur&nbsp;:<\/b><\/span> <span>L\u2019usage du t\u00e9l\u00e9objectif me permet de saisir des attitudes tr\u00e8s naturelles, aussi bien chez les mari\u00e9s que chez les proches et les amis. P<\/span>hotos spontan\u00e9es, photos de la salle et de la d\u00e9coration, le jet\u00e9 du bouquet de la mari\u00e9e. J\u2019immortaliserai \u00e9galement les t\u00e9moignages et les f\u00e9licitations des invit\u00e9s.<\/p>\n<p><span><strong>La Soir\u00e9e<\/strong>&nbsp;: <\/span><span><span class=\"Apple-converted-space\"><br> <\/span><\/span><span>- la premi\u00e8re danse des mari\u00e9s ;<br> <\/span><span>- les chor\u00e9graphies et mises en sc\u00e8ne ;<br> <\/span><span>- le repas ;<br> <\/span><span>- animations et jeux ;<br> <\/span><span>- la pi\u00e8ce mont\u00e9e.<\/span><span>.<\/span><\/p>\n<p>[\/et_pb_text][\/et_pb_column][et_pb_column type=\u201c2_5\u201d _builder_version=\u201c3.25\u201d custom_padding=\u201d|||\u201d custom_padding__hover=\u201d|||\u201d][et_pb_image src=\u201chttp:\/\/pascalpierre.fr\/wp-content\/uploads\/2018\/12\/1b9033_16c7f4feb53a4aff8892e400f0c442b8mv2.jpg\u201d show_in_lightbox=\u201con\u201d align_tablet=\u201ccenter\u201d align_last_edited=\u201con|desktop\u201d _builder_version=\u201c3.23\u201d][\/et_pb_image][et_pb_image src=\u201chttp:\/\/pascalpierre.fr\/wp-content\/uploads\/2018\/12\/<span class=\"caps\">PASCAL-PIERRE-PHOTOGRAPHE-ALENCON35<\/span>.jpg\u201d show_in_lightbox=\u201con\u201d align_tablet=\u201ccenter\u201d align_last_edited=\u201con|desktop\u201d _builder_version=\u201c3.23\u201d][\/et_pb_image][\/et_pb_column][\/et_pb_row][et_pb_row use_custom_gutter=\u201con\u201d gutter_width=\u201c1\u201d make_equal=\u201con\u201d _builder_version=\u201c3.25\u201d custom_padding=\u201c0|0px|0|0px|false|false\u201d animation_style=\u201cfade\u201d box_shadow_style=\u201cpreset1\u201d box_shadow_vertical=\u201d-3px\u201d box_shadow_blur=\u201c14px\u201d box_shadow_spread=\u201c6px\u201d column_structure=\u201c1_4,1_4,1_4,1_4\u201d][et_pb_column type=\u201c1_4\u201d _builder_version=\u201c3.25\u201d custom_padding=\u201d|||\u201d custom_padding__hover=\u201d|||\u201d][et_pb_image src=\u201chttp:\/\/pascalpierre.fr\/wp-content\/uploads\/2018\/12\/<span class=\"caps\">PASCAL-PIERRE-PHOTOGRAPHE-ALENCON42<\/span>.jpg\u201d show_in_lightbox=\u201con\u201d align_tablet=\u201ccenter\u201d align_last_edited=\u201con|desktop\u201d _builder_version=\u201c3.23\u201d][\/et_pb_image][\/et_pb_column][et_pb_column type=\u201c1_4\u201d _builder_version=\u201c3.25\u201d custom_padding=\u201d|||\u201d custom_padding__hover=\u201d|||\u201d][et_pb_image src=\u201chttp:\/\/pascalpierre.fr\/wp-content\/uploads\/2018\/12\/<span class=\"caps\">PASCAL-PIERRE-PHOTOGRAPHE-ALENCON45<\/span>.jpg\u201d show_in_lightbox=\u201con\u201d align_tablet=\u201ccenter\u201d align_last_edited=\u201con|desktop\u201d _builder_version=\u201c3.23\u201d][\/et_pb_image][\/et_pb_column][et_pb_column type=\u201c1_4\u201d _builder_version=\u201c3.25\u201d custom_padding=\u201d|||\u201d custom_padding__hover=\u201d|||\u201d][et_pb_image src=\u201chttp:\/\/pascalpierre.fr\/wp-content\/uploads\/2018\/12\/<span class=\"caps\">PASCAL-PIERRE-PHOTOGRAPHE-ALENCON15<\/span>.jpg\u201d show_in_lightbox=\u201con\u201d align_tablet=\u201ccenter\u201d align_last_edited=\u201con|desktop\u201d _builder_version=\u201c3.23\u201d][\/et_pb_image][\/et_pb_column][et_pb_column type=\u201c1_4\u201d _builder_version=\u201c3.25\u201d custom_padding=\u201d|||\u201d custom_padding__hover=\u201d|||\u201d][et_pb_image src=\u201chttp:\/\/pascalpierre.fr\/wp-content\/uploads\/2018\/12\/<span class=\"caps\">PASCAL-PIERRE-PHOTOGRAPHE-ALENCON14<\/span>.jpg\u201d show_in_lightbox=\u201con\u201d align_tablet=\u201ccenter\u201d align_last_edited=\u201con|desktop\u201d _builder_version=\u201c3.23\u201d][\/et_pb_image][\/et_pb_column][\/et_pb_row][et_pb_row _builder_version=\u201c3.25\u201d][et_pb_column type=\u201c4_4\u201d _builder_version=\u201c3.25\u201d custom_padding=\u201d|||\u201d custom_padding__hover=\u201d|||\u201d][et_pb_text _builder_version=\u201c4.5.7\u201d text_font=\u201d||||||||\u201d text_font_size=\u201c17px\u201d hover_enabled=\u201c0\u201d]<\/p>\n<p style=\"text-align: center;\"><span>Photos de couple avant ou apr\u00e8s le mariage: <\/span>Je suis l\u00e0 pour vous guider dans les diff\u00e9rentes poses naturelles \u00e0 prendre. Surtout, ma priorit\u00e9 est de toujours capter et de montrer des moments de complicit\u00e9 et romantisme entre vous deux.Nous d\u00e9terminerons \u00e9galement les styles de photos que vous voulez afin que celles-ci soient le reflet de votre personnalit\u00e9 et de vos envies. Je r\u00e9alise ces photos<span> \u00e0 l\u2019endroit de votre choix (un parc, un jardin, un plan d\u2019eau, une plage etc..)<span class=\"Apple-converted-space\">&nbsp;<\/span><\/span><\/p>\n<p>[\/et_pb_text][\/et_pb_column][\/et_pb_row][\/et_pb_section][et_pb_section fb_built=\u201c1\u201d _builder_version=\u201c3.22\u201d custom_padding=\u201c54px|0px|41px|0px|false|false\u201d][et_pb_row _builder_version=\u201c3.25\u201d column_structure=\u201c1_3,1_3,1_3\u201d][et_pb_column type=\u201c1_3\u201d _builder_version=\u201c3.25\u201d custom_padding=\u201d|||\u201d custom_padding__hover=\u201d|||\u201d][et_pb_image src=\u201chttp:\/\/pascalpierre.fr\/wp-content\/uploads\/2019\/01\/<span class=\"caps\">PROFIL-YPCOM3<\/span>.jpg\u201d align_tablet=\u201ccenter\u201d align_last_edited=\u201con|desktop\u201d _builder_version=\u201c3.23\u201d][\/et_pb_image][\/et_pb_column][et_pb_column type=\u201c1_3\u201d _builder_version=\u201c3.25\u201d custom_padding=\u201d|||\u201d custom_padding__hover=\u201d|||\u201d][et_pb_text _builder_version=\u201c3.27.4\u201d]<\/p>\n<h1><strong>Pascal Pierre<\/strong><\/h1>\n<p>[\/et_pb_text][et_pb_social_media_follow follow_button=\u201con\u201d _builder_version=\u201c3.18.4\u201d][et_pb_social_media_follow_network social_network=\u201cfacebook\u201d url=\u201chttps:\/\/www.facebook.com\/Pascal.Pierre.Photographe\/\u201d _builder_version=\u201c3.18.4\u201d background_color=\u201c#3b5998\u201d follow_button=\u201con\u201d url_new_window=\u201con\u201d]facebook[\/et_pb_social_media_follow_network][et_pb_social_media_follow_network social_network=\u201cinstagram\u201d url=\u201chttps:\/\/www.instagram.com\/pascal.pierre.photographe\/?hl=fr\u201d _builder_version=\u201c3.18.4\u201d background_color=\u201c#ea2c59\u201d follow_button=\u201con\u201d url_new_window=\u201con\u201d]instagram[\/et_pb_social_media_follow_network][\/et_pb_social_media_follow][et_pb_text _builder_version=\u201c3.27.4\u201d text_font=\u201d||||||||\u201d text_font_size=\u201c20px\u201d header_font=\u201d||||||||\u201d header_font_size=\u201c26px\u201d custom_margin=\u201c50px||\u201d]<\/p>\n<p><span style=\"font-size: 20px;\">61000 <span class=\"caps\">ALENCON<\/span><\/span><\/p>\n<p class=\"font_8\"><span>06 86 54 00 32<br>contact@pascalpierre.fr<\/span><\/p>\n<p class=\"font_8\"><span style=\"font-size: xx-large;\"><strong><object height=\"0\"><\/object><\/strong><\/span><\/p>\n<p>&nbsp;<\/p>\n<p class=\"font_8\">N\u00b0 <span class=\"caps\">SIRET<\/span> 750 136 483&nbsp;00013<\/p>\n<p>[\/et_pb_text][\/et_pb_column][et_pb_column type=\u201c1_3\u201d _builder_version=\u201c3.25\u201d custom_padding=\u201d|||\u201d custom_padding__hover=\u201d|||\u201d][et_pb_contact_form captcha=\u201coff\u201d email=\u201ccontact@pascalpierre.fr\u201d title=\u201cContactez-moi\u201d _builder_version=\u201c3.19.3\u201d][et_pb_contact_field field_id=\u201cName\u201d field_title=\u201cNom\u201d _builder_version=\u201c3.16\u201d button_text_size__hover_enabled=\u201coff\u201d button_one_text_size__hover_enabled=\u201coff\u201d button_two_text_size__hover_enabled=\u201coff\u201d button_text_color__hover_enabled=\u201coff\u201d button_one_text_color__hover_enabled=\u201coff\u201d button_two_text_color__hover_enabled=\u201coff\u201d button_border_width__hover_enabled=\u201coff\u201d button_one_border_width__hover_enabled=\u201coff\u201d button_two_border_width__hover_enabled=\u201coff\u201d button_border_color__hover_enabled=\u201coff\u201d button_one_border_color__hover_enabled=\u201coff\u201d button_two_border_color__hover_enabled=\u201coff\u201d button_border_radius__hover_enabled=\u201coff\u201d button_one_border_radius__hover_enabled=\u201coff\u201d button_two_border_radius__hover_enabled=\u201coff\u201d button_letter_spacing__hover_enabled=\u201coff\u201d button_one_letter_spacing__hover_enabled=\u201coff\u201d button_two_letter_spacing__hover_enabled=\u201coff\u201d button_bg_color__hover_enabled=\u201coff\u201d button_one_bg_color__hover_enabled=\u201coff\u201d button_two_bg_color__hover_enabled=\u201coff\u201d][\/et_pb_contact_field][et_pb_contact_field field_id=\u201cEmail\u201d field_title=\u201cAdresse e\u2011mail\u201d field_type=\u201cemail\u201d _builder_version=\u201c3.16\u201d button_text_size__hover_enabled=\u201coff\u201d button_one_text_size__hover_enabled=\u201coff\u201d button_two_text_size__hover_enabled=\u201coff\u201d button_text_color__hover_enabled=\u201coff\u201d button_one_text_color__hover_enabled=\u201coff\u201d button_two_text_color__hover_enabled=\u201coff\u201d button_border_width__hover_enabled=\u201coff\u201d button_one_border_width__hover_enabled=\u201coff\u201d button_two_border_width__hover_enabled=\u201coff\u201d button_border_color__hover_enabled=\u201coff\u201d button_one_border_color__hover_enabled=\u201coff\u201d button_two_border_color__hover_enabled=\u201coff\u201d button_border_radius__hover_enabled=\u201coff\u201d button_one_border_radius__hover_enabled=\u201coff\u201d button_two_border_radius__hover_enabled=\u201coff\u201d button_letter_spacing__hover_enabled=\u201coff\u201d button_one_letter_spacing__hover_enabled=\u201coff\u201d button_two_letter_spacing__hover_enabled=\u201coff\u201d button_bg_color__hover_enabled=\u201coff\u201d button_one_bg_color__hover_enabled=\u201coff\u201d button_two_bg_color__hover_enabled=\u201coff\u201d][\/et_pb_contact_field][et_pb_contact_field field_id=\u201cMessage\u201d field_title=\u201cMessage\u201d field_type=\u201ctext\u201d fullwidth_field=\u201con\u201d _builder_version=\u201c3.16\u201d button_text_size__hover_enabled=\u201coff\u201d button_one_text_size__hover_enabled=\u201coff\u201d button_two_text_size__hover_enabled=\u201coff\u201d button_text_color__hover_enabled=\u201coff\u201d button_one_text_color__hover_enabled=\u201coff\u201d button_two_text_color__hover_enabled=\u201coff\u201d button_border_width__hover_enabled=\u201coff\u201d button_one_border_width__hover_enabled=\u201coff\u201d button_two_border_width__hover_enabled=\u201coff\u201d button_border_color__hover_enabled=\u201coff\u201d button_one_border_color__hover_enabled=\u201coff\u201d button_two_border_color__hover_enabled=\u201coff\u201d button_border_radius__hover_enabled=\u201coff\u201d button_one_border_radius__hover_enabled=\u201coff\u201d button_two_border_radius__hover_enabled=\u201coff\u201d button_letter_spacing__hover_enabled=\u201coff\u201d button_one_letter_spacing__hover_enabled=\u201coff\u201d button_two_letter_spacing__hover_enabled=\u201coff\u201d button_bg_color__hover_enabled=\u201coff\u201d button_one_bg_color__hover_enabled=\u201coff\u201d button_two_bg_color__hover_enabled=\u201coff\u201d][\/et_pb_contact_field][\/et_pb_contact_form][\/et_pb_column][\/et_pb_row][\/et_pb_section][et_pb_section fb_built=\u201c1\u201d fullwidth=\u201con\u201d _builder_version=\u201c3.22\u201d][et_pb_fullwidth_map address=\u201cAlen\u00e7on, France\u201d zoom_level=\u201c10\u201d address_lat=\u201c48.432856\u201d address_lng=\u201c0.091266000000019\u201d mouse_wheel=\u201coff\u201d _builder_version=\u201c3.18.4\u201d child_filter_saturate=\u201c0%\u201d child_filter_sepia=\u201c20%\u201d box_shadow_style=\u201cpreset1\u201d][\/et_pb_fullwidth_map][\/et_pb_section]<\/p>\n","protected":false},"excerpt":{"rendered":"<p>[et_pb_section fb_built=\u201c1\u201d module_id=\u201cmariage\u201d _builder_version=\u201c3.22\u201d background_image=\u201chttp:\/\/pascalpierre.fr\/wp-content\/uploads\/2018\/12\/<span class=\"caps\">PASCAL-PIERRE-PHOTOGRAPHE-ALENCON44<\/span>.jpg\u201d parallax=\u201con\u201d module_alignment=\u201ccenter\u201d custom_padding=\u201c441px|0px|382px|0px|false|false\u201d hover_transition_duration=\u201c450ms\u201d][\/et_pb_section][et_pb_section fb_built=\u201c1\u201d _builder_version=\u201c3.22\u201d][et_pb_row _builder_version=\u201c3.25\u201d custom_padding=\u201c26.765625px|0px|62px|0px|false|false\u201d column_structure=\u201c3_5,2_5\u201d][et_pb_column type=\u201c3_5\u201d _builder_version=\u201c3.25\u201d custom_padding=\u201d|||\u201d custom_padding__hover=\u201d|||\u201d][et_pb_text _builder_version=\u201c3.27.4\u201d] Votre mariage [\/et_pb_text][et_pb_text _builder_version=\u201c3.27.4\u201d text_font=\u201d||||||||\u201d text_font_size=\u201c17px\u201d] Les Pr\u00e9paratifs&nbsp;: Je m\u2019attarderai sur les d\u00e9tails auxquels vous aurez pens\u00e9 depuis des mois : votre robe, votre bouquet, vos accessoires, vos alliances, la d\u00e9couverte en tenues de mari\u00e9s\u2026une infinit\u00e9&nbsp;[\u2026]<\/p>\n","protected":false},"author":1,"featured_media":0,"parent":133,"menu_order":0,"comment_status":"closed","ping_status":"closed","template":"","meta":{"_et_pb_use_builder":"on","_et_pb_old_content":"<!-- wp:divi\/placeholder \/-->","_et_gb_content_width":"","wp_typography_post_enhancements_disabled":false},"_links":{"self":[{"href":"https:\/\/pascalpierre.fr\/index.php?rest_route=\/wp\/v2\/pages\/302"}],"collection":[{"href":"https:\/\/pascalpierre.fr\/index.php?rest_route=\/wp\/v2\/pages"}],"about":[{"href":"https:\/\/pascalpierre.fr\/index.php?rest_route=\/wp\/v2\/types\/page"}],"author":[{"embeddable":true,"href":"https:\/\/pascalpierre.fr\/index.php?rest_route=\/wp\/v2\/users\/1"}],"replies":[{"embeddable":true,"href":"https:\/\/pascalpierre.fr\/index.php?rest_route=%2Fwp%2Fv2%2Fcomments&post=302"}],"version-history":[{"count":10,"href":"https:\/\/pascalpierre.fr\/index.php?rest_route=\/wp\/v2\/pages\/302\/revisions"}],"predecessor-version":[{"id":740,"href":"https:\/\/pascalpierre.fr\/index.php?rest_route=\/wp\/v2\/pages\/302\/revisions\/740"}],"up":[{"embeddable":true,"href":"https:\/\/pascalpierre.fr\/index.php?rest_route=\/wp\/v2\/pages\/133"}],"wp:attachment":[{"href":"https:\/\/pascalpierre.fr\/index.php?rest_route=%2Fwp%2Fv2%2Fmedia&parent=302"}],"curies":[{"name":"wp","href":"https:\/\/api.w.org\/{rel}","templated":true}]}}